{"id":530,"date":"2025-07-03T15:24:52","date_gmt":"2025-07-03T13:24:52","guid":{"rendered":"https:\/\/croptimal.nl\/general-terms-and-conditions\/"},"modified":"2025-08-27T17:05:08","modified_gmt":"2025-08-27T15:05:08","slug":"general-terms-and-conditions","status":"publish","type":"page","link":"https:\/\/croptimal.nl\/de\/general-terms-and-conditions\/","title":{"rendered":"General terms and conditions"},"content":{"rendered":"<p>[et_pb_section fb_built=&#8220;1&#8243; _builder_version=&#8220;4.27.4&#8243; _module_preset=&#8220;default&#8220; global_colors_info=&#8220;{}&#8220;][et_pb_row column_structure=&#8220;3_5,2_5&#8243; _builder_version=&#8220;4.27.4&#8243; _module_preset=&#8220;default&#8220; global_colors_info=&#8220;{}&#8220;][et_pb_column type=&#8220;3_5&#8243; _builder_version=&#8220;4.27.4&#8243; _module_preset=&#8220;default&#8220; global_colors_info=&#8220;{}&#8220;][et_pb_text _builder_version=&#8220;4.27.4&#8243; _module_preset=&#8220;default&#8220; global_colors_info=&#8220;{}&#8220;]<\/p>\n<h1>General terms and conditions<\/h1>\n<p>[\/et_pb_text][et_pb_text _builder_version=&#8220;4.27.4&#8243; _module_preset=&#8220;default&#8220; link_font=&#8220;||||||||&#8220; link_text_color=&#8220;#FF9829&#8243; global_colors_info=&#8220;{}&#8220;]<\/p>\n<p>Croptimal B.V. unterliegt ihren eigenen <a href=\"\/wp-content\/uploads\/2025\/08\/General_Terms_and_Conditions_Croptimal_FULL.pdf\" target=\"_blank\" rel=\"noopener\">Allgemeinen Gesch\u00e4ftsbedingungen<\/a>, wie in diesem Dokument festgelegt, sowie den Allgemeinen Gesch\u00e4ftsbedingungen der Koninklijke Metaalunie (Metaalunie-AGB), die auf alle Angebote, Vertr\u00e4ge und Lieferungen Anwendung finden, sofern nicht ausdr\u00fccklich schriftlich etwas anderes vereinbart wurde.<\/p>\n<p>[\/et_pb_text][\/et_pb_column][et_pb_column type=&#8220;2_5&#8243; _builder_version=&#8220;4.27.4&#8243; _module_preset=&#8220;default&#8220; global_colors_info=&#8220;{}&#8220;][\/et_pb_column][\/et_pb_row][et_pb_row _builder_version=&#8220;4.27.4&#8243; _module_preset=&#8220;default&#8220; global_colors_info=&#8220;{}&#8220;][et_pb_column type=&#8220;4_4&#8243; _builder_version=&#8220;4.27.4&#8243; _module_preset=&#8220;default&#8220; custom_css_free_form=&#8220;@media screen and (min-width: 481px) {||  selector {||  display: flex; ||\t} ||} &#8220; global_colors_info=&#8220;{}&#8220;][et_pb_button button_url=&#8220;\/wp-content\/uploads\/2025\/08\/Metaalunie-conditions-2025-Eng.pdf&#8220; url_new_window=&#8220;on&#8220; button_text=&#8220;Englisch&#8220; _builder_version=&#8220;4.27.4&#8243; _module_preset=&#8220;default&#8220; custom_margin=&#8220;|20px|||false|false&#8220; global_colors_info=&#8220;{}&#8220;][\/et_pb_button][et_pb_button button_url=&#8220;\/wp-content\/uploads\/2025\/08\/Metaalunievoorwaarden_2014_-_Duits_A4.pdf&#8220; url_new_window=&#8220;on&#8220; button_text=&#8220;Deutsch&#8220; _builder_version=&#8220;4.27.4&#8243; _module_preset=&#8220;default&#8220; custom_margin=&#8220;|20px|||false|false&#8220; global_colors_info=&#8220;{}&#8220;][\/et_pb_button][et_pb_button button_url=&#8220;\/wp-content\/uploads\/2025\/08\/Metaalunievoorwaarden_2014_-_Frans_A4.pdf&#8220; url_new_window=&#8220;on&#8220; button_text=&#8220;Franz\u00f6sisch &#8220; _builder_version=&#8220;4.27.4&#8243; _module_preset=&#8220;default&#8220; custom_margin=&#8220;|20px|||false|false&#8220; hover_enabled=&#8220;0&#8243; global_colors_info=&#8220;{}&#8220; sticky_enabled=&#8220;0&#8243;][\/et_pb_button][\/et_pb_column][\/et_pb_row][\/et_pb_section]<\/p>\n","protected":false},"excerpt":{"rendered":"<p>General terms and conditionsCroptimal B.V. unterliegt ihren eigenen Allgemeinen Gesch\u00e4ftsbedingungen, wie in diesem Dokument festgelegt, sowie den Allgemeinen Gesch\u00e4ftsbedingungen der Koninklijke Metaalunie (Metaalunie-AGB), die auf alle Angebote, Vertr\u00e4ge und Lieferungen Anwendung finden, sofern nicht ausdr\u00fccklich schriftlich etwas anderes vereinbart wurde.<\/p>\n","protected":false},"author":1,"featured_media":0,"parent":0,"menu_order":0,"comment_status":"closed","ping_status":"closed","template":"","meta":{"_et_pb_use_builder":"on","_et_pb_old_content":"","_et_gb_content_width":"","footnotes":""},"class_list":["post-530","page","type-page","status-publish","hentry"],"yoast_head":"<!-- This site is optimized with the Yoast SEO plugin v27.4 - https:\/\/yoast.com\/product\/yoast-seo-wordpress\/ -->\n<title>General terms and conditions | Croptimal<\/title>\n<meta name=\"robots\" content=\"noindex, nofollow\" \/>\n<meta property=\"og:locale\" content=\"de_DE\" \/>\n<meta property=\"og:type\" content=\"article\" \/>\n<meta property=\"og:title\" content=\"General terms and conditions | Croptimal\" \/>\n<meta property=\"og:description\" content=\"General terms and conditionsCroptimal B.V. unterliegt ihren eigenen Allgemeinen Gesch\u00e4ftsbedingungen, wie in diesem Dokument festgelegt, sowie den Allgemeinen Gesch\u00e4ftsbedingungen der Koninklijke Metaalunie (Metaalunie-AGB), die auf alle Angebote, Vertr\u00e4ge und Lieferungen Anwendung finden, sofern nicht ausdr\u00fccklich schriftlich etwas anderes vereinbart wurde.\" \/>\n<meta property=\"og:url\" content=\"https:\/\/croptimal.nl\/de\/general-terms-and-conditions\/\" \/>\n<meta property=\"og:site_name\" content=\"Croptimal\" \/>\n<meta property=\"article:publisher\" content=\"https:\/\/www.facebook.com\/people\/Croptimal\/61553003386834\/\" \/>\n<meta property=\"article:modified_time\" content=\"2025-08-27T15:05:08+00:00\" \/>\n<meta property=\"og:image\" content=\"https:\/\/croptimal.nl\/wp-content\/uploads\/2025\/08\/OpenGraph-1.png\" \/>\n\t<meta property=\"og:image:width\" content=\"1200\" \/>\n\t<meta property=\"og:image:height\" content=\"675\" \/>\n\t<meta property=\"og:image:type\" content=\"image\/png\" \/>\n<meta name=\"twitter:card\" content=\"summary_large_image\" \/>\n<meta name=\"twitter:label1\" content=\"Gesch\u00e4tzte Lesezeit\" \/>\n\t<meta name=\"twitter:data1\" content=\"1\u00a0Minute\" \/>\n<script type=\"application\/ld+json\" class=\"yoast-schema-graph\">{\"@context\":\"https:\\\/\\\/schema.org\",\"@graph\":[{\"@type\":\"WebPage\",\"@id\":\"https:\\\/\\\/croptimal.nl\\\/de\\\/general-terms-and-conditions\\\/\",\"url\":\"https:\\\/\\\/croptimal.nl\\\/de\\\/general-terms-and-conditions\\\/\",\"name\":\"General terms and conditions | Croptimal\",\"isPartOf\":{\"@id\":\"https:\\\/\\\/croptimal.nl\\\/#website\"},\"datePublished\":\"2025-07-03T13:24:52+00:00\",\"dateModified\":\"2025-08-27T15:05:08+00:00\",\"breadcrumb\":{\"@id\":\"https:\\\/\\\/croptimal.nl\\\/de\\\/general-terms-and-conditions\\\/#breadcrumb\"},\"inLanguage\":\"de\",\"potentialAction\":[{\"@type\":\"ReadAction\",\"target\":[\"https:\\\/\\\/croptimal.nl\\\/de\\\/general-terms-and-conditions\\\/\"]}]},{\"@type\":\"BreadcrumbList\",\"@id\":\"https:\\\/\\\/croptimal.nl\\\/de\\\/general-terms-and-conditions\\\/#breadcrumb\",\"itemListElement\":[{\"@type\":\"ListItem\",\"position\":1,\"name\":\"Home\",\"item\":\"https:\\\/\\\/croptimal.nl\\\/de\\\/homepage\\\/\"},{\"@type\":\"ListItem\",\"position\":2,\"name\":\"General terms and conditions\"}]},{\"@type\":\"WebSite\",\"@id\":\"https:\\\/\\\/croptimal.nl\\\/#website\",\"url\":\"https:\\\/\\\/croptimal.nl\\\/\",\"name\":\"Croptimal\",\"description\":\"Smarter disease detection. Better growing. Better results.\",\"publisher\":{\"@id\":\"https:\\\/\\\/croptimal.nl\\\/#organization\"},\"potentialAction\":[{\"@type\":\"SearchAction\",\"target\":{\"@type\":\"EntryPoint\",\"urlTemplate\":\"https:\\\/\\\/croptimal.nl\\\/?s={search_term_string}\"},\"query-input\":{\"@type\":\"PropertyValueSpecification\",\"valueRequired\":true,\"valueName\":\"search_term_string\"}}],\"inLanguage\":\"de\"},{\"@type\":\"Organization\",\"@id\":\"https:\\\/\\\/croptimal.nl\\\/#organization\",\"name\":\"Croptimal B.V.\",\"url\":\"https:\\\/\\\/croptimal.nl\\\/\",\"logo\":{\"@type\":\"ImageObject\",\"inLanguage\":\"de\",\"@id\":\"https:\\\/\\\/croptimal.nl\\\/#\\\/schema\\\/logo\\\/image\\\/\",\"url\":\"https:\\\/\\\/croptimal.nl\\\/wp-content\\\/uploads\\\/2025\\\/07\\\/logo-croptimal.svg\",\"contentUrl\":\"https:\\\/\\\/croptimal.nl\\\/wp-content\\\/uploads\\\/2025\\\/07\\\/logo-croptimal.svg\",\"width\":1,\"height\":1,\"caption\":\"Croptimal B.V.\"},\"image\":{\"@id\":\"https:\\\/\\\/croptimal.nl\\\/#\\\/schema\\\/logo\\\/image\\\/\"},\"sameAs\":[\"https:\\\/\\\/www.facebook.com\\\/people\\\/Croptimal\\\/61553003386834\\\/\"]}]}<\/script>\n<!-- \/ Yoast SEO plugin. -->","yoast_head_json":{"title":"General terms and conditions | Croptimal","robots":{"index":"noindex","follow":"nofollow"},"og_locale":"de_DE","og_type":"article","og_title":"General terms and conditions | Croptimal","og_description":"General terms and conditionsCroptimal B.V. unterliegt ihren eigenen Allgemeinen Gesch\u00e4ftsbedingungen, wie in diesem Dokument festgelegt, sowie den Allgemeinen Gesch\u00e4ftsbedingungen der Koninklijke Metaalunie (Metaalunie-AGB), die auf alle Angebote, Vertr\u00e4ge und Lieferungen Anwendung finden, sofern nicht ausdr\u00fccklich schriftlich etwas anderes vereinbart wurde.","og_url":"https:\/\/croptimal.nl\/de\/general-terms-and-conditions\/","og_site_name":"Croptimal","article_publisher":"https:\/\/www.facebook.com\/people\/Croptimal\/61553003386834\/","article_modified_time":"2025-08-27T15:05:08+00:00","og_image":[{"width":1200,"height":675,"url":"https:\/\/croptimal.nl\/wp-content\/uploads\/2025\/08\/OpenGraph-1.png","type":"image\/png"}],"twitter_card":"summary_large_image","twitter_misc":{"Gesch\u00e4tzte Lesezeit":"1\u00a0Minute"},"schema":{"@context":"https:\/\/schema.org","@graph":[{"@type":"WebPage","@id":"https:\/\/croptimal.nl\/de\/general-terms-and-conditions\/","url":"https:\/\/croptimal.nl\/de\/general-terms-and-conditions\/","name":"General terms and conditions | Croptimal","isPartOf":{"@id":"https:\/\/croptimal.nl\/#website"},"datePublished":"2025-07-03T13:24:52+00:00","dateModified":"2025-08-27T15:05:08+00:00","breadcrumb":{"@id":"https:\/\/croptimal.nl\/de\/general-terms-and-conditions\/#breadcrumb"},"inLanguage":"de","potentialAction":[{"@type":"ReadAction","target":["https:\/\/croptimal.nl\/de\/general-terms-and-conditions\/"]}]},{"@type":"BreadcrumbList","@id":"https:\/\/croptimal.nl\/de\/general-terms-and-conditions\/#breadcrumb","itemListElement":[{"@type":"ListItem","position":1,"name":"Home","item":"https:\/\/croptimal.nl\/de\/homepage\/"},{"@type":"ListItem","position":2,"name":"General terms and conditions"}]},{"@type":"WebSite","@id":"https:\/\/croptimal.nl\/#website","url":"https:\/\/croptimal.nl\/","name":"Croptimal","description":"Smarter disease detection. Better growing. Better results.","publisher":{"@id":"https:\/\/croptimal.nl\/#organization"},"potentialAction":[{"@type":"SearchAction","target":{"@type":"EntryPoint","urlTemplate":"https:\/\/croptimal.nl\/?s={search_term_string}"},"query-input":{"@type":"PropertyValueSpecification","valueRequired":true,"valueName":"search_term_string"}}],"inLanguage":"de"},{"@type":"Organization","@id":"https:\/\/croptimal.nl\/#organization","name":"Croptimal B.V.","url":"https:\/\/croptimal.nl\/","logo":{"@type":"ImageObject","inLanguage":"de","@id":"https:\/\/croptimal.nl\/#\/schema\/logo\/image\/","url":"https:\/\/croptimal.nl\/wp-content\/uploads\/2025\/07\/logo-croptimal.svg","contentUrl":"https:\/\/croptimal.nl\/wp-content\/uploads\/2025\/07\/logo-croptimal.svg","width":1,"height":1,"caption":"Croptimal B.V."},"image":{"@id":"https:\/\/croptimal.nl\/#\/schema\/logo\/image\/"},"sameAs":["https:\/\/www.facebook.com\/people\/Croptimal\/61553003386834\/"]}]}},"_links":{"self":[{"href":"https:\/\/croptimal.nl\/de\/wp-json\/wp\/v2\/pages\/530","targetHints":{"allow":["GET"]}}],"collection":[{"href":"https:\/\/croptimal.nl\/de\/wp-json\/wp\/v2\/pages"}],"about":[{"href":"https:\/\/croptimal.nl\/de\/wp-json\/wp\/v2\/types\/page"}],"author":[{"embeddable":true,"href":"https:\/\/croptimal.nl\/de\/wp-json\/wp\/v2\/users\/1"}],"replies":[{"embeddable":true,"href":"https:\/\/croptimal.nl\/de\/wp-json\/wp\/v2\/comments?post=530"}],"version-history":[{"count":2,"href":"https:\/\/croptimal.nl\/de\/wp-json\/wp\/v2\/pages\/530\/revisions"}],"predecessor-version":[{"id":532,"href":"https:\/\/croptimal.nl\/de\/wp-json\/wp\/v2\/pages\/530\/revisions\/532"}],"wp:attachment":[{"href":"https:\/\/croptimal.nl\/de\/wp-json\/wp\/v2\/media?parent=530"}],"curies":[{"name":"wp","href":"https:\/\/api.w.org\/{rel}","templated":true}]}}