{"id":584,"date":"2025-07-03T15:24:52","date_gmt":"2025-07-03T13:24:52","guid":{"rendered":"https:\/\/croptimal.nl\/conditions-generales\/"},"modified":"2025-08-28T14:49:12","modified_gmt":"2025-08-28T12:49:12","slug":"conditions-generales","status":"publish","type":"page","link":"https:\/\/croptimal.nl\/fr\/conditions-generales\/","title":{"rendered":"Conditions g\u00e9n\u00e9rales"},"content":{"rendered":"<p>[et_pb_section fb_built=\u00a0\u00bb1&Prime; _builder_version=\u00a0\u00bb4.27.4&Prime; _module_preset=\u00a0\u00bbdefault\u00a0\u00bb global_colors_info=\u00a0\u00bb{}\u00a0\u00bb][et_pb_row column_structure=\u00a0\u00bb3_5,2_5&Prime; _builder_version=\u00a0\u00bb4.27.4&Prime; _module_preset=\u00a0\u00bbdefault\u00a0\u00bb global_colors_info=\u00a0\u00bb{}\u00a0\u00bb][et_pb_column type=\u00a0\u00bb3_5&Prime; _builder_version=\u00a0\u00bb4.27.4&Prime; _module_preset=\u00a0\u00bbdefault\u00a0\u00bb global_colors_info=\u00a0\u00bb{}\u00a0\u00bb][et_pb_text _builder_version=\u00a0\u00bb4.27.4&Prime; _module_preset=\u00a0\u00bbdefault\u00a0\u00bb global_colors_info=\u00a0\u00bb{}\u00a0\u00bb]<\/p>\n<h1>Conditions g\u00e9n\u00e9rales<\/h1>\n<p>[\/et_pb_text][et_pb_text _builder_version=\u00a0\u00bb4.27.4&Prime; _module_preset=\u00a0\u00bbdefault\u00a0\u00bb link_font=\u00a0\u00bb||||||||\u00a0\u00bb link_text_color=\u00a0\u00bb#FF9829&Prime; global_colors_info=\u00a0\u00bb{}\u00a0\u00bb]<\/p>\n<p>Croptimal B.V. adh\u00e8re \u00e0 ses propres <a href=\"\/wp-content\/uploads\/2025\/08\/General_Terms_and_Conditions_Croptimal_FULL.pdf\" target=\"_blank\" rel=\"noopener\">conditions g\u00e9n\u00e9rales<\/a> \u00e9nonc\u00e9es dans le pr\u00e9sent document, ainsi qu\u2019aux conditions g\u00e9n\u00e9rales de la Koninklijke Metaalunie (Conditions g\u00e9n\u00e9rales de la Metaalunie), qui s\u2019appliquent \u00e0 tous les devis, accords et livraisons, sauf convention \u00e9crite contraire expresse.<\/p>\n<p>[\/et_pb_text][\/et_pb_column][et_pb_column type=\u00a0\u00bb2_5&Prime; _builder_version=\u00a0\u00bb4.27.4&Prime; _module_preset=\u00a0\u00bbdefault\u00a0\u00bb global_colors_info=\u00a0\u00bb{}\u00a0\u00bb][\/et_pb_column][\/et_pb_row][et_pb_row _builder_version=\u00a0\u00bb4.27.4&Prime; _module_preset=\u00a0\u00bbdefault\u00a0\u00bb global_colors_info=\u00a0\u00bb{}\u00a0\u00bb][et_pb_column type=\u00a0\u00bb4_4&Prime; _builder_version=\u00a0\u00bb4.27.4&Prime; _module_preset=\u00a0\u00bbdefault\u00a0\u00bb custom_css_free_form=\u00a0\u00bb@media screen and (min-width: 481px) {||  selector {||  display: flex; ||\t} ||} \u00a0\u00bb global_colors_info=\u00a0\u00bb{}\u00a0\u00bb][et_pb_button button_url=\u00a0\u00bb\/wp-content\/uploads\/2025\/08\/Metaalunie-conditions-2025-Eng.pdf\u00a0\u00bb url_new_window=\u00a0\u00bbon\u00a0\u00bb button_text=\u00a0\u00bbEnglish\u00a0\u00bb _builder_version=\u00a0\u00bb4.27.4&Prime; _module_preset=\u00a0\u00bbdefault\u00a0\u00bb custom_margin=\u00a0\u00bb|20px|||false|false\u00a0\u00bb global_colors_info=\u00a0\u00bb{}\u00a0\u00bb][\/et_pb_button][et_pb_button button_url=\u00a0\u00bb\/wp-content\/uploads\/2025\/08\/Metaalunievoorwaarden_2014_-_Duits_A4.pdf\u00a0\u00bb url_new_window=\u00a0\u00bbon\u00a0\u00bb button_text=\u00a0\u00bbGerman\u00a0\u00bb _builder_version=\u00a0\u00bb4.27.4&Prime; _module_preset=\u00a0\u00bbdefault\u00a0\u00bb custom_margin=\u00a0\u00bb|20px|||false|false\u00a0\u00bb global_colors_info=\u00a0\u00bb{}\u00a0\u00bb][\/et_pb_button][et_pb_button button_url=\u00a0\u00bb\/wp-content\/uploads\/2025\/08\/Metaalunievoorwaarden_2014_-_Frans_A4.pdf\u00a0\u00bb url_new_window=\u00a0\u00bbon\u00a0\u00bb button_text=\u00a0\u00bbFrench \u00a0\u00bb _builder_version=\u00a0\u00bb4.27.4&Prime; _module_preset=\u00a0\u00bbdefault\u00a0\u00bb custom_margin=\u00a0\u00bb|20px|||false|false\u00a0\u00bb hover_enabled=\u00a0\u00bb0&Prime; global_colors_info=\u00a0\u00bb{}\u00a0\u00bb sticky_enabled=\u00a0\u00bb0&Prime;][\/et_pb_button][\/et_pb_column][\/et_pb_row][\/et_pb_section]<\/p>\n","protected":false},"excerpt":{"rendered":"<p>Conditions g\u00e9n\u00e9ralesCroptimal B.V. adh\u00e8re \u00e0 ses propres conditions g\u00e9n\u00e9rales \u00e9nonc\u00e9es dans le pr\u00e9sent document, ainsi qu\u2019aux conditions g\u00e9n\u00e9rales de la Koninklijke Metaalunie (Conditions g\u00e9n\u00e9rales de la Metaalunie), qui s\u2019appliquent \u00e0 tous les devis, accords et livraisons, sauf convention \u00e9crite contraire expresse.<\/p>\n","protected":false},"author":1,"featured_media":0,"parent":0,"menu_order":0,"comment_status":"closed","ping_status":"closed","template":"","meta":{"_et_pb_use_builder":"on","_et_pb_old_content":"","_et_gb_content_width":"","footnotes":""},"class_list":["post-584","page","type-page","status-publish","hentry"],"yoast_head":"<!-- This site is optimized with the Yoast SEO plugin v27.4 - https:\/\/yoast.com\/product\/yoast-seo-wordpress\/ -->\n<title>Conditions g\u00e9n\u00e9rales | Croptimal<\/title>\n<meta name=\"robots\" content=\"noindex, nofollow\" \/>\n<meta property=\"og:locale\" content=\"fr_FR\" \/>\n<meta property=\"og:type\" content=\"article\" \/>\n<meta property=\"og:title\" content=\"Conditions g\u00e9n\u00e9rales | Croptimal\" \/>\n<meta property=\"og:description\" content=\"Conditions g\u00e9n\u00e9ralesCroptimal B.V. adh\u00e8re \u00e0 ses propres conditions g\u00e9n\u00e9rales \u00e9nonc\u00e9es dans le pr\u00e9sent document, ainsi qu\u2019aux conditions g\u00e9n\u00e9rales de la Koninklijke Metaalunie (Conditions g\u00e9n\u00e9rales de la Metaalunie), qui s\u2019appliquent \u00e0 tous les devis, accords et livraisons, sauf convention \u00e9crite contraire expresse.\" \/>\n<meta property=\"og:url\" content=\"https:\/\/croptimal.nl\/fr\/conditions-generales\/\" \/>\n<meta property=\"og:site_name\" content=\"Croptimal\" \/>\n<meta property=\"article:publisher\" content=\"https:\/\/www.facebook.com\/people\/Croptimal\/61553003386834\/\" \/>\n<meta property=\"article:modified_time\" content=\"2025-08-28T12:49:12+00:00\" \/>\n<meta property=\"og:image\" content=\"https:\/\/croptimal.nl\/wp-content\/uploads\/2025\/08\/OpenGraph-1.png\" \/>\n\t<meta property=\"og:image:width\" content=\"1200\" \/>\n\t<meta property=\"og:image:height\" content=\"675\" \/>\n\t<meta property=\"og:image:type\" content=\"image\/png\" \/>\n<meta name=\"twitter:card\" content=\"summary_large_image\" \/>\n<meta name=\"twitter:label1\" content=\"Dur\u00e9e de lecture estim\u00e9e\" \/>\n\t<meta name=\"twitter:data1\" content=\"1 minute\" \/>\n<script type=\"application\/ld+json\" class=\"yoast-schema-graph\">{\"@context\":\"https:\\\/\\\/schema.org\",\"@graph\":[{\"@type\":\"WebPage\",\"@id\":\"https:\\\/\\\/croptimal.nl\\\/fr\\\/conditions-generales\\\/\",\"url\":\"https:\\\/\\\/croptimal.nl\\\/fr\\\/conditions-generales\\\/\",\"name\":\"Conditions g\u00e9n\u00e9rales | Croptimal\",\"isPartOf\":{\"@id\":\"https:\\\/\\\/croptimal.nl\\\/#website\"},\"datePublished\":\"2025-07-03T13:24:52+00:00\",\"dateModified\":\"2025-08-28T12:49:12+00:00\",\"breadcrumb\":{\"@id\":\"https:\\\/\\\/croptimal.nl\\\/fr\\\/conditions-generales\\\/#breadcrumb\"},\"inLanguage\":\"fr-FR\",\"potentialAction\":[{\"@type\":\"ReadAction\",\"target\":[\"https:\\\/\\\/croptimal.nl\\\/fr\\\/conditions-generales\\\/\"]}]},{\"@type\":\"BreadcrumbList\",\"@id\":\"https:\\\/\\\/croptimal.nl\\\/fr\\\/conditions-generales\\\/#breadcrumb\",\"itemListElement\":[{\"@type\":\"ListItem\",\"position\":1,\"name\":\"Home\",\"item\":\"https:\\\/\\\/croptimal.nl\\\/\"},{\"@type\":\"ListItem\",\"position\":2,\"name\":\"Conditions g\u00e9n\u00e9rales\"}]},{\"@type\":\"WebSite\",\"@id\":\"https:\\\/\\\/croptimal.nl\\\/#website\",\"url\":\"https:\\\/\\\/croptimal.nl\\\/\",\"name\":\"Croptimal\",\"description\":\"Smarter disease detection. Better growing. Better results.\",\"publisher\":{\"@id\":\"https:\\\/\\\/croptimal.nl\\\/#organization\"},\"potentialAction\":[{\"@type\":\"SearchAction\",\"target\":{\"@type\":\"EntryPoint\",\"urlTemplate\":\"https:\\\/\\\/croptimal.nl\\\/?s={search_term_string}\"},\"query-input\":{\"@type\":\"PropertyValueSpecification\",\"valueRequired\":true,\"valueName\":\"search_term_string\"}}],\"inLanguage\":\"fr-FR\"},{\"@type\":\"Organization\",\"@id\":\"https:\\\/\\\/croptimal.nl\\\/#organization\",\"name\":\"Croptimal B.V.\",\"url\":\"https:\\\/\\\/croptimal.nl\\\/\",\"logo\":{\"@type\":\"ImageObject\",\"inLanguage\":\"fr-FR\",\"@id\":\"https:\\\/\\\/croptimal.nl\\\/#\\\/schema\\\/logo\\\/image\\\/\",\"url\":\"https:\\\/\\\/croptimal.nl\\\/wp-content\\\/uploads\\\/2025\\\/07\\\/logo-croptimal.svg\",\"contentUrl\":\"https:\\\/\\\/croptimal.nl\\\/wp-content\\\/uploads\\\/2025\\\/07\\\/logo-croptimal.svg\",\"width\":1,\"height\":1,\"caption\":\"Croptimal B.V.\"},\"image\":{\"@id\":\"https:\\\/\\\/croptimal.nl\\\/#\\\/schema\\\/logo\\\/image\\\/\"},\"sameAs\":[\"https:\\\/\\\/www.facebook.com\\\/people\\\/Croptimal\\\/61553003386834\\\/\"]}]}<\/script>\n<!-- \/ Yoast SEO plugin. -->","yoast_head_json":{"title":"Conditions g\u00e9n\u00e9rales | Croptimal","robots":{"index":"noindex","follow":"nofollow"},"og_locale":"fr_FR","og_type":"article","og_title":"Conditions g\u00e9n\u00e9rales | Croptimal","og_description":"Conditions g\u00e9n\u00e9ralesCroptimal B.V. adh\u00e8re \u00e0 ses propres conditions g\u00e9n\u00e9rales \u00e9nonc\u00e9es dans le pr\u00e9sent document, ainsi qu\u2019aux conditions g\u00e9n\u00e9rales de la Koninklijke Metaalunie (Conditions g\u00e9n\u00e9rales de la Metaalunie), qui s\u2019appliquent \u00e0 tous les devis, accords et livraisons, sauf convention \u00e9crite contraire expresse.","og_url":"https:\/\/croptimal.nl\/fr\/conditions-generales\/","og_site_name":"Croptimal","article_publisher":"https:\/\/www.facebook.com\/people\/Croptimal\/61553003386834\/","article_modified_time":"2025-08-28T12:49:12+00:00","og_image":[{"width":1200,"height":675,"url":"https:\/\/croptimal.nl\/wp-content\/uploads\/2025\/08\/OpenGraph-1.png","type":"image\/png"}],"twitter_card":"summary_large_image","twitter_misc":{"Dur\u00e9e de lecture estim\u00e9e":"1 minute"},"schema":{"@context":"https:\/\/schema.org","@graph":[{"@type":"WebPage","@id":"https:\/\/croptimal.nl\/fr\/conditions-generales\/","url":"https:\/\/croptimal.nl\/fr\/conditions-generales\/","name":"Conditions g\u00e9n\u00e9rales | Croptimal","isPartOf":{"@id":"https:\/\/croptimal.nl\/#website"},"datePublished":"2025-07-03T13:24:52+00:00","dateModified":"2025-08-28T12:49:12+00:00","breadcrumb":{"@id":"https:\/\/croptimal.nl\/fr\/conditions-generales\/#breadcrumb"},"inLanguage":"fr-FR","potentialAction":[{"@type":"ReadAction","target":["https:\/\/croptimal.nl\/fr\/conditions-generales\/"]}]},{"@type":"BreadcrumbList","@id":"https:\/\/croptimal.nl\/fr\/conditions-generales\/#breadcrumb","itemListElement":[{"@type":"ListItem","position":1,"name":"Home","item":"https:\/\/croptimal.nl\/"},{"@type":"ListItem","position":2,"name":"Conditions g\u00e9n\u00e9rales"}]},{"@type":"WebSite","@id":"https:\/\/croptimal.nl\/#website","url":"https:\/\/croptimal.nl\/","name":"Croptimal","description":"Smarter disease detection. Better growing. Better results.","publisher":{"@id":"https:\/\/croptimal.nl\/#organization"},"potentialAction":[{"@type":"SearchAction","target":{"@type":"EntryPoint","urlTemplate":"https:\/\/croptimal.nl\/?s={search_term_string}"},"query-input":{"@type":"PropertyValueSpecification","valueRequired":true,"valueName":"search_term_string"}}],"inLanguage":"fr-FR"},{"@type":"Organization","@id":"https:\/\/croptimal.nl\/#organization","name":"Croptimal B.V.","url":"https:\/\/croptimal.nl\/","logo":{"@type":"ImageObject","inLanguage":"fr-FR","@id":"https:\/\/croptimal.nl\/#\/schema\/logo\/image\/","url":"https:\/\/croptimal.nl\/wp-content\/uploads\/2025\/07\/logo-croptimal.svg","contentUrl":"https:\/\/croptimal.nl\/wp-content\/uploads\/2025\/07\/logo-croptimal.svg","width":1,"height":1,"caption":"Croptimal B.V."},"image":{"@id":"https:\/\/croptimal.nl\/#\/schema\/logo\/image\/"},"sameAs":["https:\/\/www.facebook.com\/people\/Croptimal\/61553003386834\/"]}]}},"_links":{"self":[{"href":"https:\/\/croptimal.nl\/fr\/wp-json\/wp\/v2\/pages\/584","targetHints":{"allow":["GET"]}}],"collection":[{"href":"https:\/\/croptimal.nl\/fr\/wp-json\/wp\/v2\/pages"}],"about":[{"href":"https:\/\/croptimal.nl\/fr\/wp-json\/wp\/v2\/types\/page"}],"author":[{"embeddable":true,"href":"https:\/\/croptimal.nl\/fr\/wp-json\/wp\/v2\/users\/1"}],"replies":[{"embeddable":true,"href":"https:\/\/croptimal.nl\/fr\/wp-json\/wp\/v2\/comments?post=584"}],"version-history":[{"count":2,"href":"https:\/\/croptimal.nl\/fr\/wp-json\/wp\/v2\/pages\/584\/revisions"}],"predecessor-version":[{"id":586,"href":"https:\/\/croptimal.nl\/fr\/wp-json\/wp\/v2\/pages\/584\/revisions\/586"}],"wp:attachment":[{"href":"https:\/\/croptimal.nl\/fr\/wp-json\/wp\/v2\/media?parent=584"}],"curies":[{"name":"wp","href":"https:\/\/api.w.org\/{rel}","templated":true}]}}