{"id":588,"date":"2025-07-01T09:45:15","date_gmt":"2025-07-01T07:45:15","guid":{"rendered":"https:\/\/croptimal.nl\/politique-de-confidentialite\/"},"modified":"2025-08-28T15:02:51","modified_gmt":"2025-08-28T13:02:51","slug":"politique-de-confidentialite","status":"publish","type":"page","link":"https:\/\/croptimal.nl\/fr\/politique-de-confidentialite\/","title":{"rendered":"Politique de confidentialit\u00e9"},"content":{"rendered":"<p>[et_pb_section fb_built=\u00a0\u00bb1&Prime; _builder_version=\u00a0\u00bb4.27.4&Prime; _module_preset=\u00a0\u00bbdefault\u00a0\u00bb global_colors_info=\u00a0\u00bb{}\u00a0\u00bb][et_pb_row column_structure=\u00a0\u00bb3_5,2_5&Prime; _builder_version=\u00a0\u00bb4.27.4&Prime; _module_preset=\u00a0\u00bbdefault\u00a0\u00bb global_colors_info=\u00a0\u00bb{}\u00a0\u00bb][et_pb_column type=\u00a0\u00bb3_5&Prime; _builder_version=\u00a0\u00bb4.27.4&Prime; _module_preset=\u00a0\u00bbdefault\u00a0\u00bb global_colors_info=\u00a0\u00bb{}\u00a0\u00bb][et_pb_text _builder_version=\u00a0\u00bb4.27.4&Prime; _module_preset=\u00a0\u00bbdefault\u00a0\u00bb global_colors_info=\u00a0\u00bb{}\u00a0\u00bb]<\/p>\n<h1>Politique de confidentialit\u00e9<\/h1>\n<p>[\/et_pb_text][et_pb_text _builder_version=\u00a0\u00bb4.27.4&Prime; _module_preset=\u00a0\u00bbdefault\u00a0\u00bb hover_enabled=\u00a0\u00bb0&Prime; global_colors_info=\u00a0\u00bb{}\u00a0\u00bb link_text_color=\u00a0\u00bb#FF9829&Prime; sticky_enabled=\u00a0\u00bb0&Prime;]<\/p>\n<p><strong>Croptimal B.V.<\/strong> respecte votre vie priv\u00e9e et s&rsquo;engage \u00e0 prot\u00e9ger vos donn\u00e9es personnelles. Cette politique de confidentialit\u00e9 explique comment nous recueillons, utilisons et prot\u00e9geons vos informations lorsque vous visitez notre site web ou interagissez avec nous. <\/p>\n<h4>1. Qui sommes-nous ?<\/h4>\n<p>Croptimal B.V. est bas\u00e9e \u00e0 Eenrum aux Pays-Bas et se concentre sur le d\u00e9veloppement d&rsquo;une technologie intelligente de d\u00e9tection des maladies \u00e0 usage agricole.<\/p>\n<h4>2. Quelles sont les donn\u00e9es que nous collectons ?<\/h4>\n<p>Nous pouvons collecter les donn\u00e9es personnelles suivantes :<\/p>\n<ul>\n<li>Nom et coordonn\u00e9es (par exemple, courriel, num\u00e9ro de t\u00e9l\u00e9phone)<\/li>\n<li>Nom et fonction de l&rsquo;entreprise<\/li>\n<li>Informations techniques (par exemple, type de navigateur)<\/li>\n<li>les informations que vous fournissez par le biais de formulaires de contact ou par courrier \u00e9lectronique<\/li>\n<\/ul>\n<h4>3. Comment nous utilisons vos donn\u00e9es<\/h4>\n<p>Nous utilisons vos donn\u00e9es pour :<\/p>\n<ul>\n<li>R\u00e9pondre \u00e0 vos demandes<\/li>\n<li>Fournir des informations sur nos services<\/li>\n<li>Am\u00e9liorer notre site web et l&rsquo;exp\u00e9rience des utilisateurs<\/li>\n<li>Respecter les obligations l\u00e9gales<\/li>\n<\/ul>\n<p>Nous ne vendons pas vos donn\u00e9es personnelles \u00e0 des tiers.<\/p>\n<h4>4. Comment nous prot\u00e9geons vos donn\u00e9es<\/h4>\n<p>Nous utilisons des mesures techniques et organisationnelles appropri\u00e9es pour prot\u00e9ger vos donn\u00e9es contre l&rsquo;acc\u00e8s non autoris\u00e9, l&rsquo;utilisation abusive, la perte ou l&rsquo;alt\u00e9ration.<\/p>\n<h4>5. Conservation des donn\u00e9es<\/h4>\n<p>Nous ne conservons vos donn\u00e9es personnelles que pendant la dur\u00e9e n\u00e9cessaire aux fins d\u00e9crites dans la pr\u00e9sente politique ou conform\u00e9ment \u00e0 la loi.<\/p>\n<h4>6. Vos droits<\/h4>\n<p>Vous avez le droit de :<\/p>\n<ul>\n<li>Acc\u00e9der \u00e0 vos donn\u00e9es personnelles<\/li>\n<li>Demande de correction ou de suppression<\/li>\n<li>S&rsquo;opposer au traitement<\/li>\n<li>Retirer le consentement (le cas \u00e9ch\u00e9ant)<\/li>\n<\/ul>\n<p>Pour exercer ces droits, contactez-nous \u00e0 l&rsquo;adresse <a href=\"mailto:info@croptimal.nl\">info@croptimal.nl<\/a>.<\/p>\n<h4>7. Cookies<\/h4>\n<p>Notre site web peut utiliser des cookies pour am\u00e9liorer la fonctionnalit\u00e9 et analyser l&rsquo;utilisation. Vous pouvez g\u00e9rer vos pr\u00e9f\u00e9rences en mati\u00e8re de cookies via les param\u00e8tres de votre navigateur. <\/p>\n<h4>8. Liens avec des tiers<\/h4>\n<p>Ce site web peut contenir des liens vers d&rsquo;autres sites web. Nous ne sommes pas responsables des pratiques des tiers en mati\u00e8re de protection de la vie priv\u00e9e. <\/p>\n<h4>9. Modifications de la pr\u00e9sente politique<\/h4>\n<p>Nous pouvons mettre \u00e0 jour cette politique de confidentialit\u00e9 de temps \u00e0 autre. La derni\u00e8re version sera toujours disponible sur notre site web. <\/p>\n<h4>10. Contact<\/h4>\n<p>Si vous avez des questions concernant cette politique ou vos donn\u00e9es, veuillez nous contacter \u00e0 l&rsquo;adresse suivante :<\/p>\n<p>Croptimal B.V.<br \/><a href=\"mailto:info@croptimal.nl\">info@croptimal.nl<\/a><br \/>Hoofdstraat 2, 9967RJ, Eenrum, Pays-Bas<\/p>\n<p>[\/et_pb_text][\/et_pb_column][et_pb_column type=\u00a0\u00bb2_5&Prime; _builder_version=\u00a0\u00bb4.27.4&Prime; _module_preset=\u00a0\u00bbdefault\u00a0\u00bb global_colors_info=\u00a0\u00bb{}\u00a0\u00bb][\/et_pb_column][\/et_pb_row][\/et_pb_section]<\/p>\n","protected":false},"excerpt":{"rendered":"<p>Politique de confidentialit\u00e9Croptimal B.V. respecte votre vie priv\u00e9e et s&rsquo;engage \u00e0 prot\u00e9ger vos donn\u00e9es personnelles. Cette politique de confidentialit\u00e9 explique comment nous recueillons, utilisons et prot\u00e9geons vos informations lorsque vous visitez notre site web ou interagissez avec nous. 1. Qui sommes-nous ? Croptimal B.V. est bas\u00e9e \u00e0 Eenrum aux Pays-Bas et se concentre sur le [&hellip;]<\/p>\n","protected":false},"author":1,"featured_media":0,"parent":0,"menu_order":0,"comment_status":"closed","ping_status":"closed","template":"","meta":{"_et_pb_use_builder":"on","_et_pb_old_content":"","_et_gb_content_width":"","footnotes":""},"class_list":["post-588","page","type-page","status-publish","hentry"],"yoast_head":"<!-- This site is optimized with the Yoast SEO plugin v27.4 - https:\/\/yoast.com\/product\/yoast-seo-wordpress\/ -->\n<title>Politique de confidentialit\u00e9 | Croptimal<\/title>\n<meta name=\"robots\" content=\"noindex, nofollow\" \/>\n<meta property=\"og:locale\" content=\"fr_FR\" \/>\n<meta property=\"og:type\" content=\"article\" \/>\n<meta property=\"og:title\" content=\"Politique de confidentialit\u00e9 | Croptimal\" \/>\n<meta property=\"og:description\" content=\"Politique de confidentialit\u00e9Croptimal B.V. respecte votre vie priv\u00e9e et s&#039;engage \u00e0 prot\u00e9ger vos donn\u00e9es personnelles. Cette politique de confidentialit\u00e9 explique comment nous recueillons, utilisons et prot\u00e9geons vos informations lorsque vous visitez notre site web ou interagissez avec nous. 1. Qui sommes-nous ? Croptimal B.V. est bas\u00e9e \u00e0 Eenrum aux Pays-Bas et se concentre sur le [&hellip;]\" \/>\n<meta property=\"og:url\" content=\"https:\/\/croptimal.nl\/fr\/politique-de-confidentialite\/\" \/>\n<meta property=\"og:site_name\" content=\"Croptimal\" \/>\n<meta property=\"article:publisher\" content=\"https:\/\/www.facebook.com\/people\/Croptimal\/61553003386834\/\" \/>\n<meta property=\"article:modified_time\" content=\"2025-08-28T13:02:51+00:00\" \/>\n<meta property=\"og:image\" content=\"https:\/\/croptimal.nl\/wp-content\/uploads\/2025\/08\/OpenGraph-1.png\" \/>\n\t<meta property=\"og:image:width\" content=\"1200\" \/>\n\t<meta property=\"og:image:height\" content=\"675\" \/>\n\t<meta property=\"og:image:type\" content=\"image\/png\" \/>\n<meta name=\"twitter:card\" content=\"summary_large_image\" \/>\n<meta name=\"twitter:label1\" content=\"Dur\u00e9e de lecture estim\u00e9e\" \/>\n\t<meta name=\"twitter:data1\" content=\"3 minutes\" \/>\n<script type=\"application\/ld+json\" class=\"yoast-schema-graph\">{\"@context\":\"https:\\\/\\\/schema.org\",\"@graph\":[{\"@type\":\"WebPage\",\"@id\":\"https:\\\/\\\/croptimal.nl\\\/fr\\\/politique-de-confidentialite\\\/\",\"url\":\"https:\\\/\\\/croptimal.nl\\\/fr\\\/politique-de-confidentialite\\\/\",\"name\":\"Politique de confidentialit\u00e9 | Croptimal\",\"isPartOf\":{\"@id\":\"https:\\\/\\\/croptimal.nl\\\/#website\"},\"datePublished\":\"2025-07-01T07:45:15+00:00\",\"dateModified\":\"2025-08-28T13:02:51+00:00\",\"breadcrumb\":{\"@id\":\"https:\\\/\\\/croptimal.nl\\\/fr\\\/politique-de-confidentialite\\\/#breadcrumb\"},\"inLanguage\":\"fr-FR\",\"potentialAction\":[{\"@type\":\"ReadAction\",\"target\":[\"https:\\\/\\\/croptimal.nl\\\/fr\\\/politique-de-confidentialite\\\/\"]}]},{\"@type\":\"BreadcrumbList\",\"@id\":\"https:\\\/\\\/croptimal.nl\\\/fr\\\/politique-de-confidentialite\\\/#breadcrumb\",\"itemListElement\":[{\"@type\":\"ListItem\",\"position\":1,\"name\":\"Home\",\"item\":\"https:\\\/\\\/croptimal.nl\\\/\"},{\"@type\":\"ListItem\",\"position\":2,\"name\":\"Politique de confidentialit\u00e9\"}]},{\"@type\":\"WebSite\",\"@id\":\"https:\\\/\\\/croptimal.nl\\\/#website\",\"url\":\"https:\\\/\\\/croptimal.nl\\\/\",\"name\":\"Croptimal\",\"description\":\"Smarter disease detection. Better growing. Better results.\",\"publisher\":{\"@id\":\"https:\\\/\\\/croptimal.nl\\\/#organization\"},\"potentialAction\":[{\"@type\":\"SearchAction\",\"target\":{\"@type\":\"EntryPoint\",\"urlTemplate\":\"https:\\\/\\\/croptimal.nl\\\/?s={search_term_string}\"},\"query-input\":{\"@type\":\"PropertyValueSpecification\",\"valueRequired\":true,\"valueName\":\"search_term_string\"}}],\"inLanguage\":\"fr-FR\"},{\"@type\":\"Organization\",\"@id\":\"https:\\\/\\\/croptimal.nl\\\/#organization\",\"name\":\"Croptimal B.V.\",\"url\":\"https:\\\/\\\/croptimal.nl\\\/\",\"logo\":{\"@type\":\"ImageObject\",\"inLanguage\":\"fr-FR\",\"@id\":\"https:\\\/\\\/croptimal.nl\\\/#\\\/schema\\\/logo\\\/image\\\/\",\"url\":\"https:\\\/\\\/croptimal.nl\\\/wp-content\\\/uploads\\\/2025\\\/07\\\/logo-croptimal.svg\",\"contentUrl\":\"https:\\\/\\\/croptimal.nl\\\/wp-content\\\/uploads\\\/2025\\\/07\\\/logo-croptimal.svg\",\"width\":1,\"height\":1,\"caption\":\"Croptimal B.V.\"},\"image\":{\"@id\":\"https:\\\/\\\/croptimal.nl\\\/#\\\/schema\\\/logo\\\/image\\\/\"},\"sameAs\":[\"https:\\\/\\\/www.facebook.com\\\/people\\\/Croptimal\\\/61553003386834\\\/\"]}]}<\/script>\n<!-- \/ Yoast SEO plugin. -->","yoast_head_json":{"title":"Politique de confidentialit\u00e9 | Croptimal","robots":{"index":"noindex","follow":"nofollow"},"og_locale":"fr_FR","og_type":"article","og_title":"Politique de confidentialit\u00e9 | Croptimal","og_description":"Politique de confidentialit\u00e9Croptimal B.V. respecte votre vie priv\u00e9e et s'engage \u00e0 prot\u00e9ger vos donn\u00e9es personnelles. Cette politique de confidentialit\u00e9 explique comment nous recueillons, utilisons et prot\u00e9geons vos informations lorsque vous visitez notre site web ou interagissez avec nous. 1. Qui sommes-nous ? Croptimal B.V. est bas\u00e9e \u00e0 Eenrum aux Pays-Bas et se concentre sur le [&hellip;]","og_url":"https:\/\/croptimal.nl\/fr\/politique-de-confidentialite\/","og_site_name":"Croptimal","article_publisher":"https:\/\/www.facebook.com\/people\/Croptimal\/61553003386834\/","article_modified_time":"2025-08-28T13:02:51+00:00","og_image":[{"width":1200,"height":675,"url":"https:\/\/croptimal.nl\/wp-content\/uploads\/2025\/08\/OpenGraph-1.png","type":"image\/png"}],"twitter_card":"summary_large_image","twitter_misc":{"Dur\u00e9e de lecture estim\u00e9e":"3 minutes"},"schema":{"@context":"https:\/\/schema.org","@graph":[{"@type":"WebPage","@id":"https:\/\/croptimal.nl\/fr\/politique-de-confidentialite\/","url":"https:\/\/croptimal.nl\/fr\/politique-de-confidentialite\/","name":"Politique de confidentialit\u00e9 | Croptimal","isPartOf":{"@id":"https:\/\/croptimal.nl\/#website"},"datePublished":"2025-07-01T07:45:15+00:00","dateModified":"2025-08-28T13:02:51+00:00","breadcrumb":{"@id":"https:\/\/croptimal.nl\/fr\/politique-de-confidentialite\/#breadcrumb"},"inLanguage":"fr-FR","potentialAction":[{"@type":"ReadAction","target":["https:\/\/croptimal.nl\/fr\/politique-de-confidentialite\/"]}]},{"@type":"BreadcrumbList","@id":"https:\/\/croptimal.nl\/fr\/politique-de-confidentialite\/#breadcrumb","itemListElement":[{"@type":"ListItem","position":1,"name":"Home","item":"https:\/\/croptimal.nl\/"},{"@type":"ListItem","position":2,"name":"Politique de confidentialit\u00e9"}]},{"@type":"WebSite","@id":"https:\/\/croptimal.nl\/#website","url":"https:\/\/croptimal.nl\/","name":"Croptimal","description":"Smarter disease detection. Better growing. Better results.","publisher":{"@id":"https:\/\/croptimal.nl\/#organization"},"potentialAction":[{"@type":"SearchAction","target":{"@type":"EntryPoint","urlTemplate":"https:\/\/croptimal.nl\/?s={search_term_string}"},"query-input":{"@type":"PropertyValueSpecification","valueRequired":true,"valueName":"search_term_string"}}],"inLanguage":"fr-FR"},{"@type":"Organization","@id":"https:\/\/croptimal.nl\/#organization","name":"Croptimal B.V.","url":"https:\/\/croptimal.nl\/","logo":{"@type":"ImageObject","inLanguage":"fr-FR","@id":"https:\/\/croptimal.nl\/#\/schema\/logo\/image\/","url":"https:\/\/croptimal.nl\/wp-content\/uploads\/2025\/07\/logo-croptimal.svg","contentUrl":"https:\/\/croptimal.nl\/wp-content\/uploads\/2025\/07\/logo-croptimal.svg","width":1,"height":1,"caption":"Croptimal B.V."},"image":{"@id":"https:\/\/croptimal.nl\/#\/schema\/logo\/image\/"},"sameAs":["https:\/\/www.facebook.com\/people\/Croptimal\/61553003386834\/"]}]}},"_links":{"self":[{"href":"https:\/\/croptimal.nl\/fr\/wp-json\/wp\/v2\/pages\/588","targetHints":{"allow":["GET"]}}],"collection":[{"href":"https:\/\/croptimal.nl\/fr\/wp-json\/wp\/v2\/pages"}],"about":[{"href":"https:\/\/croptimal.nl\/fr\/wp-json\/wp\/v2\/types\/page"}],"author":[{"embeddable":true,"href":"https:\/\/croptimal.nl\/fr\/wp-json\/wp\/v2\/users\/1"}],"replies":[{"embeddable":true,"href":"https:\/\/croptimal.nl\/fr\/wp-json\/wp\/v2\/comments?post=588"}],"version-history":[{"count":4,"href":"https:\/\/croptimal.nl\/fr\/wp-json\/wp\/v2\/pages\/588\/revisions"}],"predecessor-version":[{"id":598,"href":"https:\/\/croptimal.nl\/fr\/wp-json\/wp\/v2\/pages\/588\/revisions\/598"}],"wp:attachment":[{"href":"https:\/\/croptimal.nl\/fr\/wp-json\/wp\/v2\/media?parent=588"}],"curies":[{"name":"wp","href":"https:\/\/api.w.org\/{rel}","templated":true}]}}